{"id":2031,"date":"2025-12-15T17:10:30","date_gmt":"2025-12-15T16:10:30","guid":{"rendered":"https:\/\/ghidonisrl.apvdtest.it\/cnc-bearbeitung\/galleria-di-lavorazioni\/"},"modified":"2026-02-06T15:34:31","modified_gmt":"2026-02-06T14:34:31","slug":"werkgalerie","status":"publish","type":"page","link":"https:\/\/ghidonisrl.it\/de\/cnc-bearbeitung\/werkgalerie\/","title":{"rendered":"Werkgalerie"},"content":{"rendered":"\n<div class=\"wp-block-greenshift-blocks-container alignfull gspb_container gspb_container-gsbp-d322fda qualita-hero\" id=\"gspb_container-id-gsbp-d322fda\">\n<div class=\"wp-block-greenshift-blocks-container gspb_container gspb_container-gsbp-ba0b8ec\" id=\"gspb_container-id-gsbp-ba0b8ec\">\n<div id=\"gspb_text-id-gsbp-18d08a0\" class=\"gspb_text gspb_text-id-gsbp-18d08a0 \" data-aos=\"fade-up-blur\" data-aos-easing=\"ease\" data-aos-duration=\"800\">Visuelle Exzellenz in der mechanischen Bearbeitung<\/div>\n\n\n\n<h1 id=\"gspb_heading-id-gsbp-3681ecc\" class=\"gspb_heading gspb_heading-id-gsbp-3681ecc \" data-aos=\"fade-up-blur\" data-aos-easing=\"ease\" data-aos-duration=\"800\">Verarbeitungsgalerie<\/h1>\n\n\n\n<div id=\"gspb_text-id-gsbp-412c5f1\" class=\"gspb_text gspb_text-id-gsbp-412c5f1 \" data-aos=\"fade-up-blur\" data-aos-easing=\"ease\" data-aos-duration=\"800\">Pr\u00e4zisionsgefertigte mechanische Bauteile mittels CNC-Bearbeitung \u2013 von der Prototypenentwicklung \u00fcber Drehen, Fr\u00e4sen und Schleifen bis hin zu Endbearbeitung und Pr\u00fcfung. Dank unserer langj\u00e4hrigen Erfahrung im Maschinenbau garantieren wir hochpr\u00e4zise kundenspezifische Fertigung.<\/div>\n<\/div>\n<\/div>\n\n\n\n<figure class=\"wp-block-gallery has-nested-images columns-default is-cropped wp-block-gallery-1 is-layout-flex wp-block-gallery-is-layout-flex\">\n<figure class=\"wp-block-image size-full\"><img loading=\"lazy\" decoding=\"async\" width=\"1425\" height=\"1900\" data-id=\"1250\" src=\"https:\/\/ghidonisrl.apvdtest.it\/wp-content\/uploads\/2026\/01\/es-produzione-3.jpg\" alt=\"\" class=\"wp-image-1250\" srcset=\"https:\/\/ghidonisrl.it\/wp-content\/uploads\/2026\/01\/es-produzione-3.jpg 1425w, https:\/\/ghidonisrl.it\/wp-content\/uploads\/2026\/01\/es-produzione-3-225x300.jpg 225w, https:\/\/ghidonisrl.it\/wp-content\/uploads\/2026\/01\/es-produzione-3-768x1024.jpg 768w, https:\/\/ghidonisrl.it\/wp-content\/uploads\/2026\/01\/es-produzione-3-1152x1536.jpg 1152w\" sizes=\"auto, (max-width: 1425px) 100vw, 1425px\" \/><\/figure>\n\n\n\n<figure class=\"wp-block-image size-full\"><img loading=\"lazy\" decoding=\"async\" width=\"1900\" height=\"1425\" data-id=\"1251\" src=\"https:\/\/ghidonisrl.apvdtest.it\/wp-content\/uploads\/2026\/01\/es-produzione-2.jpg\" alt=\"\" class=\"wp-image-1251\" srcset=\"https:\/\/ghidonisrl.it\/wp-content\/uploads\/2026\/01\/es-produzione-2.jpg 1900w, https:\/\/ghidonisrl.it\/wp-content\/uploads\/2026\/01\/es-produzione-2-300x225.jpg 300w, https:\/\/ghidonisrl.it\/wp-content\/uploads\/2026\/01\/es-produzione-2-1024x768.jpg 1024w, https:\/\/ghidonisrl.it\/wp-content\/uploads\/2026\/01\/es-produzione-2-768x576.jpg 768w, https:\/\/ghidonisrl.it\/wp-content\/uploads\/2026\/01\/es-produzione-2-1536x1152.jpg 1536w\" sizes=\"auto, (max-width: 1900px) 100vw, 1900px\" \/><\/figure>\n\n\n\n<figure class=\"wp-block-image size-full\"><img loading=\"lazy\" decoding=\"async\" width=\"1431\" height=\"1900\" data-id=\"1252\" src=\"https:\/\/ghidonisrl.apvdtest.it\/wp-content\/uploads\/2026\/01\/part-assemblato.jpg\" alt=\"\" class=\"wp-image-1252\" srcset=\"https:\/\/ghidonisrl.it\/wp-content\/uploads\/2026\/01\/part-assemblato.jpg 1431w, https:\/\/ghidonisrl.it\/wp-content\/uploads\/2026\/01\/part-assemblato-226x300.jpg 226w, https:\/\/ghidonisrl.it\/wp-content\/uploads\/2026\/01\/part-assemblato-771x1024.jpg 771w, https:\/\/ghidonisrl.it\/wp-content\/uploads\/2026\/01\/part-assemblato-768x1020.jpg 768w, https:\/\/ghidonisrl.it\/wp-content\/uploads\/2026\/01\/part-assemblato-1157x1536.jpg 1157w\" sizes=\"auto, (max-width: 1431px) 100vw, 1431px\" \/><\/figure>\n\n\n\n<figure class=\"wp-block-image size-full\"><img loading=\"lazy\" decoding=\"async\" width=\"1900\" height=\"1425\" data-id=\"1253\" src=\"https:\/\/ghidonisrl.apvdtest.it\/wp-content\/uploads\/2026\/01\/part-in-lavorazione-1.jpg\" alt=\"\" class=\"wp-image-1253\" srcset=\"https:\/\/ghidonisrl.it\/wp-content\/uploads\/2026\/01\/part-in-lavorazione-1.jpg 1900w, https:\/\/ghidonisrl.it\/wp-content\/uploads\/2026\/01\/part-in-lavorazione-1-300x225.jpg 300w, https:\/\/ghidonisrl.it\/wp-content\/uploads\/2026\/01\/part-in-lavorazione-1-1024x768.jpg 1024w, https:\/\/ghidonisrl.it\/wp-content\/uploads\/2026\/01\/part-in-lavorazione-1-768x576.jpg 768w, https:\/\/ghidonisrl.it\/wp-content\/uploads\/2026\/01\/part-in-lavorazione-1-1536x1152.jpg 1536w\" sizes=\"auto, (max-width: 1900px) 100vw, 1900px\" \/><\/figure>\n\n\n\n<figure class=\"wp-block-image size-full\"><img loading=\"lazy\" decoding=\"async\" width=\"1425\" height=\"1900\" data-id=\"1254\" src=\"https:\/\/ghidonisrl.apvdtest.it\/wp-content\/uploads\/2026\/01\/es-produzione-4.jpg\" alt=\"\" class=\"wp-image-1254\" srcset=\"https:\/\/ghidonisrl.it\/wp-content\/uploads\/2026\/01\/es-produzione-4.jpg 1425w, https:\/\/ghidonisrl.it\/wp-content\/uploads\/2026\/01\/es-produzione-4-225x300.jpg 225w, https:\/\/ghidonisrl.it\/wp-content\/uploads\/2026\/01\/es-produzione-4-768x1024.jpg 768w, https:\/\/ghidonisrl.it\/wp-content\/uploads\/2026\/01\/es-produzione-4-1152x1536.jpg 1152w\" sizes=\"auto, (max-width: 1425px) 100vw, 1425px\" \/><\/figure>\n\n\n\n<figure class=\"wp-block-image size-full\"><img loading=\"lazy\" decoding=\"async\" width=\"960\" height=\"1280\" data-id=\"1255\" src=\"https:\/\/ghidonisrl.apvdtest.it\/wp-content\/uploads\/2026\/01\/part-in-produzione-3.jpg\" alt=\"\" class=\"wp-image-1255\" srcset=\"https:\/\/ghidonisrl.it\/wp-content\/uploads\/2026\/01\/part-in-produzione-3.jpg 960w, https:\/\/ghidonisrl.it\/wp-content\/uploads\/2026\/01\/part-in-produzione-3-225x300.jpg 225w, https:\/\/ghidonisrl.it\/wp-content\/uploads\/2026\/01\/part-in-produzione-3-768x1024.jpg 768w\" sizes=\"auto, (max-width: 960px) 100vw, 960px\" \/><\/figure>\n\n\n\n<figure class=\"wp-block-image size-full\"><img loading=\"lazy\" decoding=\"async\" width=\"1900\" height=\"1425\" data-id=\"1257\" src=\"https:\/\/ghidonisrl.apvdtest.it\/wp-content\/uploads\/2026\/01\/part-in-lavorazione-2.jpg\" alt=\"\" class=\"wp-image-1257\" srcset=\"https:\/\/ghidonisrl.it\/wp-content\/uploads\/2026\/01\/part-in-lavorazione-2.jpg 1900w, https:\/\/ghidonisrl.it\/wp-content\/uploads\/2026\/01\/part-in-lavorazione-2-300x225.jpg 300w, https:\/\/ghidonisrl.it\/wp-content\/uploads\/2026\/01\/part-in-lavorazione-2-1024x768.jpg 1024w, https:\/\/ghidonisrl.it\/wp-content\/uploads\/2026\/01\/part-in-lavorazione-2-768x576.jpg 768w, https:\/\/ghidonisrl.it\/wp-content\/uploads\/2026\/01\/part-in-lavorazione-2-1536x1152.jpg 1536w\" sizes=\"auto, (max-width: 1900px) 100vw, 1900px\" \/><\/figure>\n\n\n\n<figure class=\"wp-block-image size-full\"><img loading=\"lazy\" decoding=\"async\" width=\"1900\" height=\"1431\" data-id=\"1258\" src=\"https:\/\/ghidonisrl.apvdtest.it\/wp-content\/uploads\/2026\/01\/part-in-produzione-5.jpg\" alt=\"\" class=\"wp-image-1258\" srcset=\"https:\/\/ghidonisrl.it\/wp-content\/uploads\/2026\/01\/part-in-produzione-5.jpg 1900w, https:\/\/ghidonisrl.it\/wp-content\/uploads\/2026\/01\/part-in-produzione-5-300x226.jpg 300w, https:\/\/ghidonisrl.it\/wp-content\/uploads\/2026\/01\/part-in-produzione-5-1024x771.jpg 1024w, https:\/\/ghidonisrl.it\/wp-content\/uploads\/2026\/01\/part-in-produzione-5-768x578.jpg 768w, https:\/\/ghidonisrl.it\/wp-content\/uploads\/2026\/01\/part-in-produzione-5-1536x1157.jpg 1536w\" sizes=\"auto, (max-width: 1900px) 100vw, 1900px\" \/><\/figure>\n\n\n\n<figure class=\"wp-block-image size-full\"><img loading=\"lazy\" decoding=\"async\" width=\"1900\" height=\"1431\" data-id=\"1259\" src=\"https:\/\/ghidonisrl.apvdtest.it\/wp-content\/uploads\/2026\/01\/part-in-produzione-6.jpg\" alt=\"\" class=\"wp-image-1259\" srcset=\"https:\/\/ghidonisrl.it\/wp-content\/uploads\/2026\/01\/part-in-produzione-6.jpg 1900w, https:\/\/ghidonisrl.it\/wp-content\/uploads\/2026\/01\/part-in-produzione-6-300x226.jpg 300w, https:\/\/ghidonisrl.it\/wp-content\/uploads\/2026\/01\/part-in-produzione-6-1024x771.jpg 1024w, https:\/\/ghidonisrl.it\/wp-content\/uploads\/2026\/01\/part-in-produzione-6-768x578.jpg 768w, https:\/\/ghidonisrl.it\/wp-content\/uploads\/2026\/01\/part-in-produzione-6-1536x1157.jpg 1536w\" sizes=\"auto, (max-width: 1900px) 100vw, 1900px\" \/><\/figure>\n\n\n\n<figure class=\"wp-block-image size-full\"><img loading=\"lazy\" decoding=\"async\" width=\"1425\" height=\"1900\" data-id=\"1260\" src=\"https:\/\/ghidonisrl.apvdtest.it\/wp-content\/uploads\/2026\/01\/part-in-produzione-4.jpg\" alt=\"\" class=\"wp-image-1260\" srcset=\"https:\/\/ghidonisrl.it\/wp-content\/uploads\/2026\/01\/part-in-produzione-4.jpg 1425w, https:\/\/ghidonisrl.it\/wp-content\/uploads\/2026\/01\/part-in-produzione-4-225x300.jpg 225w, https:\/\/ghidonisrl.it\/wp-content\/uploads\/2026\/01\/part-in-produzione-4-768x1024.jpg 768w, https:\/\/ghidonisrl.it\/wp-content\/uploads\/2026\/01\/part-in-produzione-4-1152x1536.jpg 1152w\" sizes=\"auto, (max-width: 1425px) 100vw, 1425px\" \/><\/figure>\n\n\n\n<figure class=\"wp-block-image size-full\"><img loading=\"lazy\" decoding=\"async\" width=\"1900\" height=\"1069\" data-id=\"1270\" src=\"https:\/\/ghidonisrl.apvdtest.it\/wp-content\/uploads\/2026\/01\/lavorazioni.png\" alt=\"\" class=\"wp-image-1270\" srcset=\"https:\/\/ghidonisrl.it\/wp-content\/uploads\/2026\/01\/lavorazioni.png 1900w, https:\/\/ghidonisrl.it\/wp-content\/uploads\/2026\/01\/lavorazioni-300x169.png 300w, https:\/\/ghidonisrl.it\/wp-content\/uploads\/2026\/01\/lavorazioni-1024x576.png 1024w, https:\/\/ghidonisrl.it\/wp-content\/uploads\/2026\/01\/lavorazioni-768x432.png 768w, https:\/\/ghidonisrl.it\/wp-content\/uploads\/2026\/01\/lavorazioni-1536x864.png 1536w\" sizes=\"auto, (max-width: 1900px) 100vw, 1900px\" \/><\/figure>\n\n\n\n<figure class=\"wp-block-image size-full\"><img loading=\"lazy\" decoding=\"async\" width=\"1900\" height=\"1069\" data-id=\"1271\" src=\"https:\/\/ghidonisrl.apvdtest.it\/wp-content\/uploads\/2026\/01\/lavorazioni-2.png\" alt=\"\" class=\"wp-image-1271\" srcset=\"https:\/\/ghidonisrl.it\/wp-content\/uploads\/2026\/01\/lavorazioni-2.png 1900w, https:\/\/ghidonisrl.it\/wp-content\/uploads\/2026\/01\/lavorazioni-2-300x169.png 300w, https:\/\/ghidonisrl.it\/wp-content\/uploads\/2026\/01\/lavorazioni-2-1024x576.png 1024w, https:\/\/ghidonisrl.it\/wp-content\/uploads\/2026\/01\/lavorazioni-2-768x432.png 768w, https:\/\/ghidonisrl.it\/wp-content\/uploads\/2026\/01\/lavorazioni-2-1536x864.png 1536w\" sizes=\"auto, (max-width: 1900px) 100vw, 1900px\" \/><\/figure>\n\n\n\n<figure class=\"wp-block-image size-full\"><img loading=\"lazy\" decoding=\"async\" width=\"1900\" height=\"1069\" data-id=\"1272\" src=\"https:\/\/ghidonisrl.apvdtest.it\/wp-content\/uploads\/2026\/01\/lavorazioni-3.png\" alt=\"\" class=\"wp-image-1272\" srcset=\"https:\/\/ghidonisrl.it\/wp-content\/uploads\/2026\/01\/lavorazioni-3.png 1900w, https:\/\/ghidonisrl.it\/wp-content\/uploads\/2026\/01\/lavorazioni-3-300x169.png 300w, https:\/\/ghidonisrl.it\/wp-content\/uploads\/2026\/01\/lavorazioni-3-1024x576.png 1024w, https:\/\/ghidonisrl.it\/wp-content\/uploads\/2026\/01\/lavorazioni-3-768x432.png 768w, https:\/\/ghidonisrl.it\/wp-content\/uploads\/2026\/01\/lavorazioni-3-1536x864.png 1536w\" sizes=\"auto, (max-width: 1900px) 100vw, 1900px\" \/><\/figure>\n\n\n\n<figure class=\"wp-block-image size-full\"><img loading=\"lazy\" decoding=\"async\" width=\"1900\" height=\"1069\" data-id=\"1273\" src=\"https:\/\/ghidonisrl.apvdtest.it\/wp-content\/uploads\/2026\/01\/lavorazioni-4.png\" alt=\"\" class=\"wp-image-1273\" srcset=\"https:\/\/ghidonisrl.it\/wp-content\/uploads\/2026\/01\/lavorazioni-4.png 1900w, https:\/\/ghidonisrl.it\/wp-content\/uploads\/2026\/01\/lavorazioni-4-300x169.png 300w, https:\/\/ghidonisrl.it\/wp-content\/uploads\/2026\/01\/lavorazioni-4-1024x576.png 1024w, https:\/\/ghidonisrl.it\/wp-content\/uploads\/2026\/01\/lavorazioni-4-768x432.png 768w, https:\/\/ghidonisrl.it\/wp-content\/uploads\/2026\/01\/lavorazioni-4-1536x864.png 1536w\" sizes=\"auto, (max-width: 1900px) 100vw, 1900px\" \/><\/figure>\n\n\n\n<figure class=\"wp-block-image size-full\"><img loading=\"lazy\" decoding=\"async\" width=\"1900\" height=\"1069\" data-id=\"1274\" src=\"https:\/\/ghidonisrl.apvdtest.it\/wp-content\/uploads\/2026\/01\/lavorazioni-5.png\" alt=\"\" class=\"wp-image-1274\" srcset=\"https:\/\/ghidonisrl.it\/wp-content\/uploads\/2026\/01\/lavorazioni-5.png 1900w, https:\/\/ghidonisrl.it\/wp-content\/uploads\/2026\/01\/lavorazioni-5-300x169.png 300w, https:\/\/ghidonisrl.it\/wp-content\/uploads\/2026\/01\/lavorazioni-5-1024x576.png 1024w, https:\/\/ghidonisrl.it\/wp-content\/uploads\/2026\/01\/lavorazioni-5-768x432.png 768w, https:\/\/ghidonisrl.it\/wp-content\/uploads\/2026\/01\/lavorazioni-5-1536x864.png 1536w\" sizes=\"auto, (max-width: 1900px) 100vw, 1900px\" \/><\/figure>\n\n\n\n<figure class=\"wp-block-image size-full\"><img loading=\"lazy\" decoding=\"async\" width=\"1900\" height=\"1069\" data-id=\"1275\" src=\"https:\/\/ghidonisrl.apvdtest.it\/wp-content\/uploads\/2026\/01\/lavorazioni-6.png\" alt=\"\" class=\"wp-image-1275\" srcset=\"https:\/\/ghidonisrl.it\/wp-content\/uploads\/2026\/01\/lavorazioni-6.png 1900w, https:\/\/ghidonisrl.it\/wp-content\/uploads\/2026\/01\/lavorazioni-6-300x169.png 300w, https:\/\/ghidonisrl.it\/wp-content\/uploads\/2026\/01\/lavorazioni-6-1024x576.png 1024w, https:\/\/ghidonisrl.it\/wp-content\/uploads\/2026\/01\/lavorazioni-6-768x432.png 768w, https:\/\/ghidonisrl.it\/wp-content\/uploads\/2026\/01\/lavorazioni-6-1536x864.png 1536w\" sizes=\"auto, (max-width: 1900px) 100vw, 1900px\" \/><\/figure>\n<\/figure>\n","protected":false},"excerpt":{"rendered":"","protected":false},"author":2,"featured_media":0,"parent":1986,"menu_order":0,"comment_status":"closed","ping_status":"closed","template":"","meta":{"_gspb_post_css":".gspb_container-id-gsbp-ba0b8ec,.gspb_container-id-gsbp-d322fda{flex-direction:column;box-sizing:border-box}#gspb_container-id-gsbp-ba0b8ec.gspb_container>p:last-of-type,#gspb_container-id-gsbp-d322fda.gspb_container>p:last-of-type{margin-bottom:0}#gspb_container-id-gsbp-d322fda.gspb_container{position:relative;display:flex;flex-direction:column;justify-content:center;margin:0;padding:0}body.gspb-bodyfront #gspb_container-id-gsbp-d322fda.gspb_container{height:100vh}@media (max-width:991.98px){body.gspb-bodyfront #gspb_container-id-gsbp-d322fda.gspb_container{height:50vh}}@media (max-width:575.98px){body.gspb-bodyfront #gspb_container-id-gsbp-d322fda.gspb_container{height:70vh}}#gspb_container-id-gsbp-ba0b8ec.gspb_container{position:relative;margin-right:auto;margin-left:auto}body.gspb-bodyfront #gspb_container-id-gsbp-ba0b8ec.gspb_container{max-width:588px}.gspb_text-id-gsbp-18d08a0{transition-duration:.8s;transition-timing-function:var(--gs-root-animation-easing, cubic-bezier(0.42, 0, 0.58, 1));opacity:var(--gs-root-animation-opacity, 0);transition-property:opacity,transform,filter;transform:var(--gs-root-animation-transform, translate3d(0, calc(max(50px, 15%)), 0));filter:blur(10px);text-transform:uppercase;font-size:14px;line-height:100%}.gspb_text-id-gsbp-18d08a0.aos-animate,.gspb_text-id-gsbp-18d08a0[data-gs-aos]{opacity:1;transform:translateZ(0);filter:blur(0)}.gspb_text-id-gsbp-18d08a0,.gspb_text-id-gsbp-18d08a0 .gsap-g-line{text-align:center!important}.gspb_text-id-gsbp-18d08a0{font-weight:600!important;color:var(--wp--preset--color--palette-color-6, var(--theme-palette-color-6, #575656));margin-bottom:24px!important}#gspb_heading-id-gsbp-3681ecc{transition-duration:.8s;transition-timing-function:var(--gs-root-animation-easing, cubic-bezier(0.42, 0, 0.58, 1));opacity:var(--gs-root-animation-opacity, 0);transition-property:opacity,transform,filter;transform:var(--gs-root-animation-transform, translate3d(0, calc(max(50px, 15%)), 0));filter:blur(10px);text-transform:uppercase}#gspb_heading-id-gsbp-3681ecc.aos-animate,#gspb_heading-id-gsbp-3681ecc[data-gs-aos]{opacity:1;transform:translateZ(0);filter:blur(0)}#gspb_heading-id-gsbp-3681ecc,#gspb_heading-id-gsbp-3681ecc .gsap-g-line{text-align:center!important}#gspb_heading-id-gsbp-3681ecc{background-image:linear-gradient(90deg,#67deff 0,#048dcd 100%);-webkit-background-clip:text;-webkit-text-fill-color:transparent;margin:0 0 36px}.gspb_text-id-gsbp-412c5f1{transition-duration:.8s;transition-timing-function:var(--gs-root-animation-easing, cubic-bezier(0.42, 0, 0.58, 1));opacity:var(--gs-root-animation-opacity, 0);transition-property:opacity,transform,filter;transform:var(--gs-root-animation-transform, translate3d(0, calc(max(50px, 15%)), 0));filter:blur(10px)}.gspb_text-id-gsbp-412c5f1.aos-animate,.gspb_text-id-gsbp-412c5f1[data-gs-aos]{opacity:1;transform:translateZ(0);filter:blur(0)}.gspb_text-id-gsbp-412c5f1,.gspb_text-id-gsbp-412c5f1 .gsap-g-line{text-align:center!important}","footnotes":""},"class_list":["post-2031","page","type-page","status-publish","hentry"],"blocksy_meta":[],"yoast_head":"<!-- This site is optimized with the Yoast SEO plugin v27.0 - https:\/\/yoast.com\/product\/yoast-seo-wordpress\/ -->\n<title>Werkgalerie - Ghidoni<\/title>\n<meta name=\"robots\" content=\"index, follow, max-snippet:-1, max-image-preview:large, max-video-preview:-1\" \/>\n<link rel=\"canonical\" href=\"https:\/\/ghidonisrl.it\/de\/cnc-bearbeitung\/werkgalerie\/\" \/>\n<meta property=\"og:locale\" content=\"de_DE\" \/>\n<meta property=\"og:type\" content=\"article\" \/>\n<meta property=\"og:title\" content=\"Werkgalerie - Ghidoni\" \/>\n<meta property=\"og:url\" content=\"https:\/\/ghidonisrl.it\/de\/cnc-bearbeitung\/werkgalerie\/\" \/>\n<meta property=\"og:site_name\" content=\"Ghidoni\" \/>\n<meta property=\"article:modified_time\" content=\"2026-02-06T14:34:31+00:00\" \/>\n<meta property=\"og:image\" content=\"https:\/\/ghidonisrl.it\/wp-content\/uploads\/2026\/01\/es-produzione-3.jpg\" \/>\n\t<meta property=\"og:image:width\" content=\"1425\" \/>\n\t<meta property=\"og:image:height\" content=\"1900\" \/>\n\t<meta property=\"og:image:type\" content=\"image\/jpeg\" \/>\n<meta name=\"twitter:card\" content=\"summary_large_image\" \/>\n<script type=\"application\/ld+json\" class=\"yoast-schema-graph\">{\"@context\":\"https:\/\/schema.org\",\"@graph\":[{\"@type\":\"WebPage\",\"@id\":\"https:\/\/ghidonisrl.it\/de\/cnc-bearbeitung\/werkgalerie\/\",\"url\":\"https:\/\/ghidonisrl.it\/de\/cnc-bearbeitung\/werkgalerie\/\",\"name\":\"Werkgalerie - Ghidoni\",\"isPartOf\":{\"@id\":\"https:\/\/ghidonisrl.it\/de\/#website\"},\"primaryImageOfPage\":{\"@id\":\"https:\/\/ghidonisrl.it\/de\/cnc-bearbeitung\/werkgalerie\/#primaryimage\"},\"image\":{\"@id\":\"https:\/\/ghidonisrl.it\/de\/cnc-bearbeitung\/werkgalerie\/#primaryimage\"},\"thumbnailUrl\":\"https:\/\/ghidonisrl.apvdtest.it\/wp-content\/uploads\/2026\/01\/es-produzione-3.jpg\",\"datePublished\":\"2025-12-15T16:10:30+00:00\",\"dateModified\":\"2026-02-06T14:34:31+00:00\",\"breadcrumb\":{\"@id\":\"https:\/\/ghidonisrl.it\/de\/cnc-bearbeitung\/werkgalerie\/#breadcrumb\"},\"inLanguage\":\"de\",\"potentialAction\":[{\"@type\":\"ReadAction\",\"target\":[\"https:\/\/ghidonisrl.it\/de\/cnc-bearbeitung\/werkgalerie\/\"]}]},{\"@type\":\"ImageObject\",\"inLanguage\":\"de\",\"@id\":\"https:\/\/ghidonisrl.it\/de\/cnc-bearbeitung\/werkgalerie\/#primaryimage\",\"url\":\"https:\/\/ghidonisrl.apvdtest.it\/wp-content\/uploads\/2026\/01\/es-produzione-3.jpg\",\"contentUrl\":\"https:\/\/ghidonisrl.apvdtest.it\/wp-content\/uploads\/2026\/01\/es-produzione-3.jpg\"},{\"@type\":\"BreadcrumbList\",\"@id\":\"https:\/\/ghidonisrl.it\/de\/cnc-bearbeitung\/werkgalerie\/#breadcrumb\",\"itemListElement\":[{\"@type\":\"ListItem\",\"position\":1,\"name\":\"Home\",\"item\":\"https:\/\/ghidonisrl.it\/de\/home\/\"},{\"@type\":\"ListItem\",\"position\":2,\"name\":\"CNC-Bearbeitung\",\"item\":\"https:\/\/ghidonisrl.it\/de\/cnc-bearbeitung\/\"},{\"@type\":\"ListItem\",\"position\":3,\"name\":\"Werkgalerie\"}]},{\"@type\":\"WebSite\",\"@id\":\"https:\/\/ghidonisrl.it\/de\/#website\",\"url\":\"https:\/\/ghidonisrl.it\/de\/\",\"name\":\"Ghidoni\",\"description\":\"Precision Machining Operations\",\"publisher\":{\"@id\":\"https:\/\/ghidonisrl.it\/de\/#organization\"},\"potentialAction\":[{\"@type\":\"SearchAction\",\"target\":{\"@type\":\"EntryPoint\",\"urlTemplate\":\"https:\/\/ghidonisrl.it\/de\/?s={search_term_string}\"},\"query-input\":{\"@type\":\"PropertyValueSpecification\",\"valueRequired\":true,\"valueName\":\"search_term_string\"}}],\"inLanguage\":\"de\"},{\"@type\":\"Organization\",\"@id\":\"https:\/\/ghidonisrl.it\/de\/#organization\",\"name\":\"Ghidoni\",\"url\":\"https:\/\/ghidonisrl.it\/de\/\",\"logo\":{\"@type\":\"ImageObject\",\"inLanguage\":\"de\",\"@id\":\"https:\/\/ghidonisrl.it\/de\/#\/schema\/logo\/image\/\",\"url\":\"https:\/\/ghidonisrl.it\/wp-content\/uploads\/2025\/12\/logo-ghidoni.svg\",\"contentUrl\":\"https:\/\/ghidonisrl.it\/wp-content\/uploads\/2025\/12\/logo-ghidoni.svg\",\"width\":183,\"height\":39,\"caption\":\"Ghidoni\"},\"image\":{\"@id\":\"https:\/\/ghidonisrl.it\/de\/#\/schema\/logo\/image\/\"}}]}<\/script>\n<!-- \/ Yoast SEO plugin. -->","yoast_head_json":{"title":"Werkgalerie - Ghidoni","robots":{"index":"index","follow":"follow","max-snippet":"max-snippet:-1","max-image-preview":"max-image-preview:large","max-video-preview":"max-video-preview:-1"},"canonical":"https:\/\/ghidonisrl.it\/de\/cnc-bearbeitung\/werkgalerie\/","og_locale":"de_DE","og_type":"article","og_title":"Werkgalerie - Ghidoni","og_url":"https:\/\/ghidonisrl.it\/de\/cnc-bearbeitung\/werkgalerie\/","og_site_name":"Ghidoni","article_modified_time":"2026-02-06T14:34:31+00:00","og_image":[{"width":1425,"height":1900,"url":"https:\/\/ghidonisrl.it\/wp-content\/uploads\/2026\/01\/es-produzione-3.jpg","type":"image\/jpeg"}],"twitter_card":"summary_large_image","schema":{"@context":"https:\/\/schema.org","@graph":[{"@type":"WebPage","@id":"https:\/\/ghidonisrl.it\/de\/cnc-bearbeitung\/werkgalerie\/","url":"https:\/\/ghidonisrl.it\/de\/cnc-bearbeitung\/werkgalerie\/","name":"Werkgalerie - Ghidoni","isPartOf":{"@id":"https:\/\/ghidonisrl.it\/de\/#website"},"primaryImageOfPage":{"@id":"https:\/\/ghidonisrl.it\/de\/cnc-bearbeitung\/werkgalerie\/#primaryimage"},"image":{"@id":"https:\/\/ghidonisrl.it\/de\/cnc-bearbeitung\/werkgalerie\/#primaryimage"},"thumbnailUrl":"https:\/\/ghidonisrl.apvdtest.it\/wp-content\/uploads\/2026\/01\/es-produzione-3.jpg","datePublished":"2025-12-15T16:10:30+00:00","dateModified":"2026-02-06T14:34:31+00:00","breadcrumb":{"@id":"https:\/\/ghidonisrl.it\/de\/cnc-bearbeitung\/werkgalerie\/#breadcrumb"},"inLanguage":"de","potentialAction":[{"@type":"ReadAction","target":["https:\/\/ghidonisrl.it\/de\/cnc-bearbeitung\/werkgalerie\/"]}]},{"@type":"ImageObject","inLanguage":"de","@id":"https:\/\/ghidonisrl.it\/de\/cnc-bearbeitung\/werkgalerie\/#primaryimage","url":"https:\/\/ghidonisrl.apvdtest.it\/wp-content\/uploads\/2026\/01\/es-produzione-3.jpg","contentUrl":"https:\/\/ghidonisrl.apvdtest.it\/wp-content\/uploads\/2026\/01\/es-produzione-3.jpg"},{"@type":"BreadcrumbList","@id":"https:\/\/ghidonisrl.it\/de\/cnc-bearbeitung\/werkgalerie\/#breadcrumb","itemListElement":[{"@type":"ListItem","position":1,"name":"Home","item":"https:\/\/ghidonisrl.it\/de\/home\/"},{"@type":"ListItem","position":2,"name":"CNC-Bearbeitung","item":"https:\/\/ghidonisrl.it\/de\/cnc-bearbeitung\/"},{"@type":"ListItem","position":3,"name":"Werkgalerie"}]},{"@type":"WebSite","@id":"https:\/\/ghidonisrl.it\/de\/#website","url":"https:\/\/ghidonisrl.it\/de\/","name":"Ghidoni","description":"Precision Machining Operations","publisher":{"@id":"https:\/\/ghidonisrl.it\/de\/#organization"},"potentialAction":[{"@type":"SearchAction","target":{"@type":"EntryPoint","urlTemplate":"https:\/\/ghidonisrl.it\/de\/?s={search_term_string}"},"query-input":{"@type":"PropertyValueSpecification","valueRequired":true,"valueName":"search_term_string"}}],"inLanguage":"de"},{"@type":"Organization","@id":"https:\/\/ghidonisrl.it\/de\/#organization","name":"Ghidoni","url":"https:\/\/ghidonisrl.it\/de\/","logo":{"@type":"ImageObject","inLanguage":"de","@id":"https:\/\/ghidonisrl.it\/de\/#\/schema\/logo\/image\/","url":"https:\/\/ghidonisrl.it\/wp-content\/uploads\/2025\/12\/logo-ghidoni.svg","contentUrl":"https:\/\/ghidonisrl.it\/wp-content\/uploads\/2025\/12\/logo-ghidoni.svg","width":183,"height":39,"caption":"Ghidoni"},"image":{"@id":"https:\/\/ghidonisrl.it\/de\/#\/schema\/logo\/image\/"}}]}},"meta_box":[],"_links":{"self":[{"href":"https:\/\/ghidonisrl.it\/de\/wp-json\/wp\/v2\/pages\/2031","targetHints":{"allow":["GET"]}}],"collection":[{"href":"https:\/\/ghidonisrl.it\/de\/wp-json\/wp\/v2\/pages"}],"about":[{"href":"https:\/\/ghidonisrl.it\/de\/wp-json\/wp\/v2\/types\/page"}],"author":[{"embeddable":true,"href":"https:\/\/ghidonisrl.it\/de\/wp-json\/wp\/v2\/users\/2"}],"replies":[{"embeddable":true,"href":"https:\/\/ghidonisrl.it\/de\/wp-json\/wp\/v2\/comments?post=2031"}],"version-history":[{"count":1,"href":"https:\/\/ghidonisrl.it\/de\/wp-json\/wp\/v2\/pages\/2031\/revisions"}],"predecessor-version":[{"id":2049,"href":"https:\/\/ghidonisrl.it\/de\/wp-json\/wp\/v2\/pages\/2031\/revisions\/2049"}],"up":[{"embeddable":true,"href":"https:\/\/ghidonisrl.it\/de\/wp-json\/wp\/v2\/pages\/1986"}],"wp:attachment":[{"href":"https:\/\/ghidonisrl.it\/de\/wp-json\/wp\/v2\/media?parent=2031"}],"curies":[{"name":"wp","href":"https:\/\/api.w.org\/{rel}","templated":true}]}}